{"id":632,"date":"2025-05-20T17:25:58","date_gmt":"2025-05-20T17:25:58","guid":{"rendered":"https:\/\/callthedoctor.com.br\/?page_id=632"},"modified":"2025-05-20T22:36:31","modified_gmt":"2025-05-20T22:36:31","slug":"inteligencia-artificial","status":"publish","type":"page","link":"https:\/\/callthedoctor.com.br\/?page_id=632","title":{"rendered":"Intelig\u00eancia Artificial"},"content":{"rendered":"\t\t<div data-elementor-type=\"wp-page\" data-elementor-id=\"632\" class=\"elementor elementor-632\" data-elementor-post-type=\"page\">\n\t\t\t\t<div class=\"elementor-element elementor-element-599ccba e-flex e-con-boxed e-con e-parent\" data-id=\"599ccba\" data-element_type=\"container\" data-e-type=\"container\">\n\t\t\t\t\t<div class=\"e-con-inner\">\n\t\t\t\t<div class=\"elementor-element elementor-element-bbf06ed elementor-widget elementor-widget-heading\" data-id=\"bbf06ed\" data-element_type=\"widget\" data-e-type=\"widget\" data-widget_type=\"heading.default\">\n\t\t\t\t<div class=\"elementor-widget-container\">\n\t\t\t\t\t<h2 class=\"elementor-heading-title elementor-size-default\">Conhe\u00e7a o ERIC \u2013 Seu Companheiro de Cuidado e Apoio em Casa<\/h2>\t\t\t\t<\/div>\n\t\t\t\t<\/div>\n\t\t\t\t\t<\/div>\n\t\t\t\t<\/div>\n\t\t<div class=\"elementor-element elementor-element-a6b94b8 e-flex e-con-boxed e-con e-parent\" data-id=\"a6b94b8\" data-element_type=\"container\" data-e-type=\"container\">\n\t\t\t\t\t<div class=\"e-con-inner\">\n\t\t\t\t<div class=\"elementor-element elementor-element-d09ca06 elementor-widget elementor-widget-heading\" data-id=\"d09ca06\" data-element_type=\"widget\" data-e-type=\"widget\" data-widget_type=\"heading.default\">\n\t\t\t\t<div class=\"elementor-widget-container\">\n\t\t\t\t\t<h6 class=\"elementor-heading-title elementor-size-default\">Na Call The Doctor, utilizamos a tecnologia para oferecer mais do que atendimento:<br><br>oferecemos companhia, seguran\u00e7a e cuidado cont\u00ednuo.<br><br>\nERIC \u00e9 nosso assistente virtual de enfermagem e acolhi<u>m<\/u>ento emocional, treinado para conversar com voc\u00ea de forma emp\u00e1tica, orientar em situa\u00e7\u00f5es de sa\u00fade, apoiar momentos dif\u00edceis e lembrar de h\u00e1bitos importantes do seu dia a dia, como tomar seus rem\u00e9dios ou se hidratar.\n\nDesenvolvido com intelig\u00eancia artificial avan\u00e7ada, ERIC foi pensado especialmente para quem precisa de aten\u00e7\u00e3o humanizada, com foco em idosos, pessoas com mobilidade reduzida ou condi\u00e7\u00f5es de sa\u00fade cr\u00f4nicas.<br> <br>\nSempre que voc\u00ea precisar conversar, tirar d\u00favidas ou receber uma orienta\u00e7\u00e3o segura, o ERIC estar\u00e1 aqui para ouvir e ajudar \u2014 com carinho e respeito.\n\n<br><br>Voc\u00ea pode aumentar a tela do Chat clicando no \u00edcone quadrado, ao lado do \u00edcone da lixeira e pode baixar a conversa do chat, clicando no \u00edcone da seta.<\/h6>\t\t\t\t<\/div>\n\t\t\t\t<\/div>\n\t\t\t\t\t<\/div>\n\t\t\t\t<\/div>\n\t\t<div class=\"elementor-element elementor-element-c6810bc e-flex e-con-boxed e-con e-parent\" data-id=\"c6810bc\" data-element_type=\"container\" data-e-type=\"container\">\n\t\t\t\t\t<div class=\"e-con-inner\">\n\t\t\t\t\t<\/div>\n\t\t\t\t<\/div>\n\t\t<div class=\"elementor-element elementor-element-291fb4b e-flex e-con-boxed e-con e-parent\" data-id=\"291fb4b\" data-element_type=\"container\" data-e-type=\"container\">\n\t\t\t\t\t<div class=\"e-con-inner\">\n\t\t\t\t<div class=\"elementor-element elementor-element-7924d92 elementor-widget elementor-widget-html\" data-id=\"7924d92\" data-element_type=\"widget\" data-e-type=\"widget\" data-widget_type=\"html.default\">\n\t\t\t\t<div class=\"elementor-widget-container\">\n\t\t\t\t\t[wpaicg_chatgpt]\t\t\t\t<\/div>\n\t\t\t\t<\/div>\n\t\t\t\t\t<\/div>\n\t\t\t\t<\/div>\n\t\t<div class=\"elementor-element elementor-element-951080d e-flex e-con-boxed e-con e-parent\" data-id=\"951080d\" data-element_type=\"container\" data-e-type=\"container\">\n\t\t\t\t\t<div class=\"e-con-inner\">\n\t\t<div class=\"elementor-element elementor-element-1032057 e-con-full e-flex e-con e-child\" data-id=\"1032057\" data-element_type=\"container\" data-e-type=\"container\">\n\t\t\t\t<\/div>\n\t\t<div class=\"elementor-element elementor-element-e71fdec e-con-full e-flex e-con e-child\" data-id=\"e71fdec\" data-element_type=\"container\" data-e-type=\"container\">\n\t\t\t\t<\/div>\n\t\t\t\t\t<\/div>\n\t\t\t\t<\/div>\n\t\t<div class=\"elementor-element elementor-element-1c1375d e-flex e-con-boxed e-con e-parent\" data-id=\"1c1375d\" data-element_type=\"container\" data-e-type=\"container\">\n\t\t\t\t\t<div class=\"e-con-inner\">\n\t\t<div class=\"elementor-element elementor-element-9d9190c e-con-full e-flex e-con e-child\" data-id=\"9d9190c\" data-element_type=\"container\" data-e-type=\"container\">\n\t\t\t\t<div class=\"elementor-element elementor-element-35d7229 elementor-widget elementor-widget-heading\" data-id=\"35d7229\" data-element_type=\"widget\" data-e-type=\"widget\" data-widget_type=\"heading.default\">\n\t\t\t\t<div class=\"elementor-widget-container\">\n\t\t\t\t\t<h3 class=\"elementor-heading-title elementor-size-default\">Como falar com o ERIC<\/h3>\t\t\t\t<\/div>\n\t\t\t\t<\/div>\n\t\t\t\t<\/div>\n\t\t<div class=\"elementor-element elementor-element-10da3b2 e-con-full e-flex e-con e-child\" data-id=\"10da3b2\" data-element_type=\"container\" data-e-type=\"container\">\n\t\t\t\t<\/div>\n\t\t<div class=\"elementor-element elementor-element-11ff213 e-con-full e-flex e-con e-child\" data-id=\"11ff213\" data-element_type=\"container\" data-e-type=\"container\">\n\t\t\t\t<div class=\"elementor-element elementor-element-092d7de elementor-widget elementor-widget-heading\" data-id=\"092d7de\" data-element_type=\"widget\" data-e-type=\"widget\" data-widget_type=\"heading.default\">\n\t\t\t\t<div class=\"elementor-widget-container\">\n\t\t\t\t\t<h6 class=\"elementor-heading-title elementor-size-default\">O ERIC \u00e9 um assistente virtual inteligente criado para ajudar voc\u00ea com orienta\u00e7\u00f5es de sa\u00fade, acolhimento emocional e d\u00favidas do dia a dia. Para facilitar sua conversa, voc\u00ea pode come\u00e7ar com uma frase pronta \u2014 chamada de prompt.<br>\n\nOs prompts s\u00e3o sugest\u00f5es de perguntas que voc\u00ea pode digitar para iniciar um atendimento com o ERIC. Basta clicar ou copiar uma das frases abaixo e colar na conversa. Ele vai entender e responder com carinho, seguran\u00e7a e respeito.\n\nEscolha uma das op\u00e7\u00f5es ou escreva do seu jeito.<br><br>O importante \u00e9 saber que o ERIC est\u00e1 aqui para ajudar.<br>\n\n<br><img decoding=\"async\" role=\"img\" class=\"emoji\" alt=\"\ud83d\udcac\" src=\"https:\/\/s.w.org\/images\/core\/emoji\/15.1.0\/svg\/1f4ac.svg\"> LISTA DE PROMPTS PRONTOS<br>\n<br><img decoding=\"async\" role=\"img\" class=\"emoji\" alt=\"\ud83e\udde0\" src=\"https:\/\/s.w.org\/images\/core\/emoji\/15.1.0\/svg\/1f9e0.svg\"> Cuidados com a Sa\u00fade<br><br><br>Esqueci de tomar meu rem\u00e9dio, o que eu fa\u00e7o agora?<br><br>Estou com tontura e fraqueza, devo me preocupar?<br>\n<br>Estou com dor no peito, o que eu devo fazer agora?\n\n<br><br>Acho que tomei o rem\u00e9dio errado.<br><br>Estou com febre e calafrios, pode ser algo s\u00e9rio?<br><br>Estou tossindo muito, como proceder?\n<br><br>Estou com muita dor nas costas, o que fa\u00e7o para aliviar?\n<br><br>O que fa\u00e7o se minha press\u00e3o estiver muito baixa?\n<br>\n\n<br>Hoje tem algo errado com meu intestino, j\u00e1 fui ao banheiro 3 vezes, o que devo fazer?\n<br><br>Ap\u00f3s a refei\u00e7\u00e3o me senti mal e vomitei, e agora?\n<br><br>Minha urina esta com uma cor mais escura que o normal.<br><br>Estou com dificuldade para respirar.<br><br>Estou com uma ferida na perna que n\u00e3o quer sarar.\n\n<br><br>Minhas pernas est\u00e3o pesadas e doloridas.<br><br>Minha vis\u00e3o ficou estranha de repente.\n<br>\n<br><br><img decoding=\"async\" role=\"img\" class=\"emoji\" alt=\"\ud83e\uddd3\" src=\"https:\/\/s.w.org\/images\/core\/emoji\/15.1.0\/svg\/1f9d3.svg\"> Apoio Emocional e Companhia<br><br>\n<br>ERIC, estou me sentindo s\u00f3, hoje.\n\n<br><br>Estou triste e sem vontade de fazer nada. Voc\u00ea pode conversar comigo?\n<br>\n<br>Estou muito ansioso e n\u00e3o sei o que fazer.\n\n<br><br>Preciso conversar com algu\u00e9m, posso contar com voc\u00ea?\n\n<br><br>Sinto que estou sobrecarregado.<br><br><br><br>Estou com pensamentos ruins hoje\n<br><br><img decoding=\"async\" role=\"img\" class=\"emoji\" alt=\"\ud83c\udfe0\" src=\"https:\/\/s.w.org\/images\/core\/emoji\/15.1.0\/svg\/1f3e0.svg\"> Cuidados em Casa<br><br>\n<br>Como deixar a casa mais segura para idosos?<br>\n\n<br>Minha m\u00e3e tem dificuldade para andar. O que posso fazer?<br>\n\n<br>Quais cuidados devo ter com um paciente acamado?<br>\n\n<br>Como organizar os medicamentos para n\u00e3o esquecer?<br>\n\n<br>O que fazer quando algu\u00e9m cai em casa?<br><br>\n\n<br><img decoding=\"async\" role=\"img\" class=\"emoji\" alt=\"\u2695\ufe0f\" src=\"https:\/\/s.w.org\/images\/core\/emoji\/15.1.0\/svg\/2695.svg\"> Orienta\u00e7\u00f5es de Sa\u00fade<br><br>\nO que \u00e9 press\u00e3o alta? Como controlar?<br>\n\n<br>Como cuidar de uma ferida em casa?<br><br>O que \u00e9 diabetes?\n<br><br>O que s\u00e3o varizes?<br>\n<br>Quais alimentos s\u00e3o melhores para quem tem diabetes?<br>\n<br>Quando \u00e9 hora de procurar um m\u00e9dico?\n\n\nQuando devo Chamar o SAMU?<br>\n<br><br>O que \u00e9 o SUS e como posso ser atendido?<br><\/h6>\t\t\t\t<\/div>\n\t\t\t\t<\/div>\n\t\t\t\t<\/div>\n\t\t\t\t\t<\/div>\n\t\t\t\t<\/div>\n\t\t\t\t<\/div>\n\t\t","protected":false},"excerpt":{"rendered":"<p>Conhe\u00e7a o ERIC \u2013 Seu Companheiro de Cuidado e Apoio em Casa Na Call The Doctor, utilizamos a tecnologia para oferecer mais do que atendimento: oferecemos companhia, seguran\u00e7a e cuidado cont\u00ednuo. ERIC \u00e9 nosso assistente virtual de enfermagem e acolhimento emocional, treinado para conversar com voc\u00ea de forma emp\u00e1tica, orientar em situa\u00e7\u00f5es de sa\u00fade, apoiar [&hellip;]<\/p>\n","protected":false},"author":2,"featured_media":0,"parent":0,"menu_order":0,"comment_status":"closed","ping_status":"closed","template":"","meta":{"footnotes":""},"class_list":["post-632","page","type-page","status-publish","hentry"],"_links":{"self":[{"href":"https:\/\/callthedoctor.com.br\/index.php?rest_route=\/wp\/v2\/pages\/632","targetHints":{"allow":["GET"]}}],"collection":[{"href":"https:\/\/callthedoctor.com.br\/index.php?rest_route=\/wp\/v2\/pages"}],"about":[{"href":"https:\/\/callthedoctor.com.br\/index.php?rest_route=\/wp\/v2\/types\/page"}],"author":[{"embeddable":true,"href":"https:\/\/callthedoctor.com.br\/index.php?rest_route=\/wp\/v2\/users\/2"}],"replies":[{"embeddable":true,"href":"https:\/\/callthedoctor.com.br\/index.php?rest_route=%2Fwp%2Fv2%2Fcomments&post=632"}],"version-history":[{"count":205,"href":"https:\/\/callthedoctor.com.br\/index.php?rest_route=\/wp\/v2\/pages\/632\/revisions"}],"predecessor-version":[{"id":869,"href":"https:\/\/callthedoctor.com.br\/index.php?rest_route=\/wp\/v2\/pages\/632\/revisions\/869"}],"wp:attachment":[{"href":"https:\/\/callthedoctor.com.br\/index.php?rest_route=%2Fwp%2Fv2%2Fmedia&parent=632"}],"curies":[{"name":"wp","href":"https:\/\/api.w.org\/{rel}","templated":true}]}}